{"id":101,"date":"2024-02-17T13:25:08","date_gmt":"2024-02-17T10:25:08","guid":{"rendered":"https:\/\/revglassfiber.com\/?post_type=product&#038;p=101"},"modified":"2025-07-09T13:39:44","modified_gmt":"2025-07-09T10:39:44","slug":"revcon-wr-cuval-12-kg-6-mm","status":"publish","type":"product","link":"https:\/\/revglassfiber.com\/index.php\/urun\/revcon-wr-cuval-12-kg-6-mm\/","title":{"rendered":"REVCON WR &#8211; \u00c7UVAL 12 KG ( 6 mm )"},"content":{"rendered":"<p>Kontamine olmam\u0131\u015f WR ipliklerin uygun boyutta kesilmesi ile elde edilir. Durabilitesi y\u00fcksek, \u0131s\u0131ya dayan\u0131kl\u0131 \u00e7imento ve\/veya al\u00e7\u0131 bazl\u0131 plakalarda, prekast elemanlarda, \u00e7imentolu ve\/veya \u00e7imentosuz yap\u0131 kimyasal\u0131 kompozit har\u00e7 \u00fcr\u00fcnlerinde, dekoratif betonlar ve \u015faplarda, epoksi ve polyester uygulamas\u0131n\u0131n yap\u0131ld\u0131\u011f\u0131 alanlarda, mukavemet art\u0131r\u0131c\u0131, \u00e7atlak kontrol\u00fc, y\u00fczey uygulama kolayla\u015ft\u0131r\u0131c\u0131, kal\u0131c\u0131l\u0131k ve sa\u011flaml\u0131k i\u00e7in kullan\u0131lan, farkl\u0131 kimyasallara ve y\u00fcksek s\u0131cakl\u0131klara kar\u015f\u0131 dayan\u0131kl\u0131, \u00e7imento ve al\u00e7\u0131 ile y\u00fcksek ba\u011f kuvveti olu\u015fturan, epoksi ve polyesterler ile uyumlu cam elyaf katk\u0131d\u0131r.<\/p>\n<p><img loading=\"lazy\" decoding=\"async\" class=\"alignnone size-full wp-image-222\" src=\"https:\/\/revglassfiber.com.tr\/wp-content\/uploads\/2023\/11\/Ekran-Resmi-2023-11-08-10.10.07.png\" alt=\"\" width=\"417\" height=\"359\" \/><\/p>\n","protected":false},"excerpt":{"rendered":"<p>Kontamine olmam\u0131\u015f WR ipliklerin uygun boyutta kesilmesi ile elde edilir. Durabilitesi y\u00fcksek, \u0131s\u0131ya dayan\u0131kl\u0131 \u00e7imento ve\/veya al\u00e7\u0131 bazl\u0131 plakalarda, prekast elemanlarda, \u00e7imentolu ve\/veya \u00e7imentosuz yap\u0131 kimyasal\u0131<span class=\"excerpt-hellip\"> [\u2026]<\/span><\/p>\n","protected":false},"featured_media":121,"comment_status":"open","ping_status":"closed","template":"","meta":[],"product_cat":[19],"product_tag":[],"_links":{"self":[{"href":"https:\/\/revglassfiber.com\/index.php\/wp-json\/wp\/v2\/product\/101"}],"collection":[{"href":"https:\/\/revglassfiber.com\/index.php\/wp-json\/wp\/v2\/product"}],"about":[{"href":"https:\/\/revglassfiber.com\/index.php\/wp-json\/wp\/v2\/types\/product"}],"replies":[{"embeddable":true,"href":"https:\/\/revglassfiber.com\/index.php\/wp-json\/wp\/v2\/comments?post=101"}],"wp:featuredmedia":[{"embeddable":true,"href":"https:\/\/revglassfiber.com\/index.php\/wp-json\/wp\/v2\/media\/121"}],"wp:attachment":[{"href":"https:\/\/revglassfiber.com\/index.php\/wp-json\/wp\/v2\/media?parent=101"}],"wp:term":[{"taxonomy":"product_cat","embeddable":true,"href":"https:\/\/revglassfiber.com\/index.php\/wp-json\/wp\/v2\/product_cat?post=101"},{"taxonomy":"product_tag","embeddable":true,"href":"https:\/\/revglassfiber.com\/index.php\/wp-json\/wp\/v2\/product_tag?post=101"}],"curies":[{"name":"wp","href":"https:\/\/api.w.org\/{rel}","templated":true}]}}